{"id":1489,"date":"2025-07-17T01:16:06","date_gmt":"2025-07-16T23:16:06","guid":{"rendered":"http:\/\/cityhow.cluster100.hosting.ovh.net\/?page_id=1489"},"modified":"2025-07-20T17:04:33","modified_gmt":"2025-07-20T15:04:33","slug":"mentions-legales-politique-de-confidentialite","status":"publish","type":"page","link":"https:\/\/www.cityhotelalger.com\/en\/mentions-legales-politique-de-confidentialite\/","title":{"rendered":"Mentions l\u00e9gales &#038; Politique de confidentialit\u00e9"},"content":{"rendered":"<div data-elementor-type=\"wp-page\" data-elementor-id=\"1489\" class=\"elementor elementor-1489\">\n\t\t\t\t<div class=\"elementor-element elementor-element-2f946d5 e-flex e-con-boxed e-con e-parent\" data-id=\"2f946d5\" data-element_type=\"container\" data-e-type=\"container\" data-settings=\"{&quot;background_background&quot;:&quot;classic&quot;}\">\n\t\t\t\t\t<div class=\"e-con-inner\">\n\t\t\t\t<div class=\"elementor-element elementor-element-7f34d55 elementor-widget__width-initial elementor-widget elementor-widget-heading\" data-id=\"7f34d55\" data-element_type=\"widget\" data-e-type=\"widget\" data-widget_type=\"heading.default\">\n\t\t\t\t<div class=\"elementor-widget-container\">\n\t\t\t\t\t<h1 class=\"elementor-heading-title elementor-size-default\">Legal &amp; Privacy Policy<\/h1>\t\t\t\t<\/div>\n\t\t\t\t<\/div>\n\t\t\t\t\t<\/div>\n\t\t\t\t<\/div>\n\t\t<div class=\"elementor-element elementor-element-0c72600 e-flex e-con-boxed e-con e-parent\" data-id=\"0c72600\" data-element_type=\"container\" data-e-type=\"container\">\n\t\t\t\t\t<div class=\"e-con-inner\">\n\t\t\t\t<div class=\"elementor-element elementor-element-b832dff elementor-widget elementor-widget-text-editor\" data-id=\"b832dff\" data-element_type=\"widget\" data-e-type=\"widget\" data-widget_type=\"text-editor.default\">\n\t\t\t\t<div class=\"elementor-widget-container\">\n\t\t\t\t\t\t\t\t\t<h3 data-start=\"209\" data-end=\"232\">1. Mentions l\u00e9gales<\/h3><p data-start=\"234\" data-end=\"359\"><strong data-start=\"234\" data-end=\"255\">Who we are<\/strong><br data-start=\"255\" data-end=\"258\" \/>Adresse du site : <a class=\"\" href=\"https:\/\/www.cityhotelalger.com\/en\/\" target=\"_new\" rel=\"noopener\" data-start=\"276\" data-end=\"307\">https:\/\/www.cityhotelalger.com\/<\/a><\/p><p data-start=\"361\" data-end=\"766\"><strong data-start=\"361\" data-end=\"389\">Nom de l\u2019\u00e9tablissement :<\/strong> City Hotel Alger<br data-start=\"406\" data-end=\"409\" \/><strong data-start=\"409\" data-end=\"430\">Forme juridique :<\/strong> Soci\u00e9t\u00e9 \u00e0 responsabilit\u00e9 limit\u00e9e<br data-start=\"463\" data-end=\"466\" \/><strong data-start=\"466\" data-end=\"486\">RCS :<\/strong>\u00a0<br data-start=\"551\" data-end=\"554\" \/><strong data-start=\"554\" data-end=\"572\">Si\u00e8ge social :<\/strong> 72, rue Hassiba Ben Bouali, Central Algiers<br data-start=\"643\" data-end=\"646\" \/><strong data-start=\"646\" data-end=\"671\">Num\u00e9ro de t\u00e9l\u00e9phone :<\/strong> +213 (0)44 07 87 04<br data-start=\"725\" data-end=\"728\" \/><strong data-start=\"728\" data-end=\"739\">Email :<\/strong> <a href=\"mailto:cityhotelalger@gmail.com\">cityhotelalger@gmail.com<\/a><\/p><p data-start=\"768\" data-end=\"982\"><strong data-start=\"768\" data-end=\"798\">H\u00e9bergement et Publication<\/strong><br data-start=\"798\" data-end=\"801\" \/><strong data-start=\"801\" data-end=\"825\">Nom de l\u2019h\u00e9bergeur :<\/strong> SAS OVH<br data-start=\"833\" data-end=\"836\" \/><strong data-start=\"836\" data-end=\"864\">Adresse de l\u2019h\u00e9bergeur :<\/strong> 2 rue Kellermann \u2013 59100 Roubaix \u2013 France<br data-start=\"906\" data-end=\"909\" \/><strong data-start=\"909\" data-end=\"940\">Num\u00e9ro RCS de l\u2019h\u00e9bergeur :<\/strong> RCS Roubaix \u2013 Tourcoing 424 761 419 00045<\/p><h3 data-start=\"984\" data-end=\"1019\">2. Politique de confidentialit\u00e9<\/h3><p data-start=\"1021\" data-end=\"1724\"><strong data-start=\"1021\" data-end=\"1037\">Commentaires<\/strong><br data-start=\"1037\" data-end=\"1040\" \/>Quand vous laissez un commentaire sur notre site, les donn\u00e9es inscrites dans le formulaire de commentaire, ainsi que votre adresse IP et l\u2019agent utilisateur de votre navigateur sont collect\u00e9s pour nous aider \u00e0 la d\u00e9tection des commentaires ind\u00e9sirables.<br data-start=\"1293\" data-end=\"1296\" \/>Une cha\u00eene anonymis\u00e9e cr\u00e9\u00e9e \u00e0 partir de votre adresse e-mail (\u00e9galement appel\u00e9e <em data-start=\"1376\" data-end=\"1382\">hash<\/em>) peut \u00eatre envoy\u00e9e au service Gravatar pour v\u00e9rifier si vous utilisez ce dernier. Les clauses de confidentialit\u00e9 du service Gravatar sont disponibles ici : <a class=\"\" href=\"https:\/\/automattic.com\/privacy\/\" target=\"_new\" rel=\"noopener\" data-start=\"1539\" data-end=\"1605\">https:\/\/automattic.com\/privacy\/<\/a>.<br data-start=\"1606\" data-end=\"1609\" \/>Apr\u00e8s validation de votre commentaire, votre photo de profil sera visible publiquement \u00e0 c\u00f4t\u00e9 de votre commentaire.<\/p><p data-start=\"1726\" data-end=\"1997\"><strong data-start=\"1726\" data-end=\"1736\">M\u00e9dias<\/strong><br data-start=\"1736\" data-end=\"1739\" \/>Si vous t\u00e9l\u00e9versez des images sur le site, nous vous conseillons d\u2019\u00e9viter de t\u00e9l\u00e9verser des images contenant des donn\u00e9es EXIF de coordonn\u00e9es GPS. Les personnes visitant votre site peuvent t\u00e9l\u00e9charger et extraire des donn\u00e9es de localisation depuis ces images.<\/p><p data-start=\"1999\" data-end=\"3276\"><strong data-start=\"1999\" data-end=\"2010\">Cookies<\/strong><br data-start=\"2010\" data-end=\"2013\" \/>Si vous d\u00e9posez un commentaire sur notre site, il vous sera propos\u00e9 d\u2019enregistrer votre nom, adresse e-mail et site dans des cookies. C\u2019est uniquement pour votre confort afin de ne pas avoir \u00e0 saisir ces informations si vous d\u00e9posez un autre commentaire plus tard. Ces cookies expirent au bout d\u2019un an.<br data-start=\"2315\" data-end=\"2318\" \/>Si vous vous rendez sur la page de connexion, un cookie temporaire sera cr\u00e9\u00e9 afin de d\u00e9terminer si votre navigateur accepte les cookies. Il ne contient pas de donn\u00e9es personnelles et sera supprim\u00e9 automatiquement \u00e0 la fermeture de votre navigateur.<br data-start=\"2566\" data-end=\"2569\" \/>Lorsque vous vous connecterez, nous mettrons en place un certain nombre de cookies pour enregistrer vos informations de connexion et vos pr\u00e9f\u00e9rences d\u2019\u00e9cran. La dur\u00e9e de vie d\u2019un cookie de connexion est de deux jours, celle d\u2019un cookie d\u2019option d\u2019\u00e9cran est d\u2019un an. Si vous cochez \u00ab Se souvenir de moi \u00bb, votre cookie de connexion sera conserv\u00e9 pendant deux semaines. Si vous vous d\u00e9connectez de votre compte, le cookie de connexion sera effac\u00e9.<br data-start=\"3014\" data-end=\"3017\" \/>En modifiant ou en publiant une publication, un cookie suppl\u00e9mentaire sera enregistr\u00e9 dans votre navigateur. Ce cookie ne comprend aucune donn\u00e9e personnelle. Il indique simplement l\u2019ID de la publication que vous venez de modifier. Il expire au bout d\u2019un jour.<\/p><p data-start=\"3278\" data-end=\"3770\"><strong data-start=\"3278\" data-end=\"3322\">Les droits que vous avez sur vos donn\u00e9es<\/strong><br data-start=\"3322\" data-end=\"3325\" \/>Si vous avez un compte ou si vous avez laiss\u00e9 des commentaires sur le site, vous pouvez demander \u00e0 recevoir un fichier contenant toutes les donn\u00e9es personnelles que nous poss\u00e9dons \u00e0 votre sujet, incluant celles que vous nous avez fournies. Vous pouvez \u00e9galement demander la suppression des donn\u00e9es personnelles vous concernant. Cela ne prend pas en compte les donn\u00e9es stock\u00e9es \u00e0 des fins administratives, l\u00e9gales ou pour des raisons de s\u00e9curit\u00e9.<\/p><p data-start=\"3772\" data-end=\"3843\"><strong data-start=\"3772\" data-end=\"3794\">Cr\u00e9ateur du site :<\/strong><br data-start=\"3794\" data-end=\"3797\" \/>Le site a \u00e9t\u00e9 con\u00e7u et cr\u00e9\u00e9 par <a href=\"http:\/\/tifinix.com\">Tifinix Consulting<\/a> (Yefsah Rayane).<\/p>\t\t\t\t\t\t\t\t<\/div>\n\t\t\t\t<\/div>\n\t\t\t\t\t<\/div>\n\t\t\t\t<\/div>\n\t\t\t\t<\/div>","protected":false},"excerpt":{"rendered":"<p>Mentions l\u00e9gales &amp; Politique de confidentialit\u00e9 1. Mentions l\u00e9gales Qui sommes-nous ?Adresse du site : https:\/\/www.cityhotelalger.com\/ Nom de l\u2019\u00e9tablissement : [&hellip;]<\/p>\n","protected":false},"author":1,"featured_media":0,"parent":0,"menu_order":0,"comment_status":"closed","ping_status":"closed","template":"","meta":{"site-sidebar-layout":"no-sidebar","site-content-layout":"","ast-site-content-layout":"full-width-container","site-content-style":"default","site-sidebar-style":"default","ast-global-header-display":"","ast-banner-title-visibility":"","ast-main-header-display":"","ast-hfb-above-header-display":"","ast-hfb-below-header-display":"","ast-hfb-mobile-header-display":"","site-post-title":"disabled","ast-breadcrumbs-content":"","ast-featured-img":"disabled","footer-sml-layout":"","ast-disable-related-posts":"","theme-transparent-header-meta":"enabled","adv-header-id-meta":"","stick-header-meta":"","header-above-stick-meta":"","header-main-stick-meta":"","header-below-stick-meta":"","astra-migrate-meta-layouts":"default","ast-page-background-enabled":"default","ast-page-background-meta":{"desktop":{"background-color":"var(--ast-global-color-4)","background-image":"","background-repeat":"repeat","background-position":"center center","background-size":"auto","background-attachment":"scroll","background-type":"","background-media":"","overlay-type":"","overlay-color":"","overlay-opacity":"","overlay-gradient":""},"tablet":{"background-color":"","background-image":"","background-repeat":"repeat","background-position":"center center","background-size":"auto","background-attachment":"scroll","background-type":"","background-media":"","overlay-type":"","overlay-color":"","overlay-opacity":"","overlay-gradient":""},"mobile":{"background-color":"","background-image":"","background-repeat":"repeat","background-position":"center center","background-size":"auto","background-attachment":"scroll","background-type":"","background-media":"","overlay-type":"","overlay-color":"","overlay-opacity":"","overlay-gradient":""}},"ast-content-background-meta":{"desktop":{"background-color":"var(--ast-global-color-5)","background-image":"","background-repeat":"repeat","background-position":"center center","background-size":"auto","background-attachment":"scroll","background-type":"","background-media":"","overlay-type":"","overlay-color":"","overlay-opacity":"","overlay-gradient":""},"tablet":{"background-color":"var(--ast-global-color-5)","background-image":"","background-repeat":"repeat","background-position":"center center","background-size":"auto","background-attachment":"scroll","background-type":"","background-media":"","overlay-type":"","overlay-color":"","overlay-opacity":"","overlay-gradient":""},"mobile":{"background-color":"var(--ast-global-color-5)","background-image":"","background-repeat":"repeat","background-position":"center center","background-size":"auto","background-attachment":"scroll","background-type":"","background-media":"","overlay-type":"","overlay-color":"","overlay-opacity":"","overlay-gradient":""}},"footnotes":""},"class_list":["post-1489","page","type-page","status-publish","hentry"],"_links":{"self":[{"href":"https:\/\/www.cityhotelalger.com\/en\/wp-json\/wp\/v2\/pages\/1489","targetHints":{"allow":["GET"]}}],"collection":[{"href":"https:\/\/www.cityhotelalger.com\/en\/wp-json\/wp\/v2\/pages"}],"about":[{"href":"https:\/\/www.cityhotelalger.com\/en\/wp-json\/wp\/v2\/types\/page"}],"author":[{"embeddable":true,"href":"https:\/\/www.cityhotelalger.com\/en\/wp-json\/wp\/v2\/users\/1"}],"replies":[{"embeddable":true,"href":"https:\/\/www.cityhotelalger.com\/en\/wp-json\/wp\/v2\/comments?post=1489"}],"version-history":[{"count":8,"href":"https:\/\/www.cityhotelalger.com\/en\/wp-json\/wp\/v2\/pages\/1489\/revisions"}],"predecessor-version":[{"id":2129,"href":"https:\/\/www.cityhotelalger.com\/en\/wp-json\/wp\/v2\/pages\/1489\/revisions\/2129"}],"wp:attachment":[{"href":"https:\/\/www.cityhotelalger.com\/en\/wp-json\/wp\/v2\/media?parent=1489"}],"curies":[{"name":"wp","href":"https:\/\/api.w.org\/{rel}","templated":true}]}}